{"id":1685,"date":"2018-02-12T07:48:55","date_gmt":"2018-02-12T06:48:55","guid":{"rendered":"https:\/\/www.regionalbanken.ch\/startseite\/"},"modified":"2026-04-09T10:52:12","modified_gmt":"2026-04-09T08:52:12","slug":"startseite","status":"publish","type":"page","link":"https:\/\/www.regionalbanken.ch\/fr\/","title":{"rendered":"Page d\u2019accueil"},"content":{"rendered":"<div class=\"wpb-content-wrapper\"><p>[vc_row css_animation=\u00a0\u00bbnone\u00a0\u00bb el_class=\u00a0\u00bbcenter\u00a0\u00bb][vc_column][vc_column_text css=\u00a0\u00bb\u00a0\u00bb]<\/p>\n<h2>Le podcast de l&rsquo;ABRS<\/h2>\n<p>L&rsquo;\u00e9conomie est g\u00e9n\u00e9ralement moins compliqu\u00e9e qu&rsquo;on ne le pense. Le podcast de l&rsquo;ABRS \u00ab Angebot &amp; nachgefragt \u00bb explore les causes et les cons\u00e9quences des \u00e9v\u00e9nements \u00e9conomiques de mani\u00e8re accessible et divertissante. Ces sujets globaux sont compl\u00e9ment\u00e9s par des entretiens avec des personnalit\u00e9s de la r\u00e9gion. D\u00fb au caract\u00e8re personnel des intervenants, seuls les entretiens sont sous-titr\u00e9s en fran\u00e7ais \u2013 bonne d\u00e9couverte![\/vc_column_text][vc_empty_space][vc_raw_html css=\u00a0\u00bb\u00a0\u00bb]JTNDJTIxLS0lMjAxLiUyMGlGcmFtZSUyMEFQSSUyMFNjcmlwdCUyMGVpbmJpbmRlbiUyMC0tJTNFJTBBJTNDc2NyaXB0JTIwc3JjJTNEJTIyaHR0cHMlM0ElMkYlMkZvcGVuLnNwb3RpZnkuY29tJTJGZW1iZWQlMkZpZnJhbWUtYXBpJTJGdjElMjIlMjBhc3luYyUzRSUzQyUyRnNjcmlwdCUzRSUwQSUwQSUzQyUyMS0tJTIwMi4lMjBpRnJhbWUtQ29udGFpbmVyLUVsZW1lbnQlMjBlcnN0ZWxsZW4lMjAtLSUzRSUwQSUzQ2RpdiUyMGlkJTNEJTIyZW1iZWQtaWZyYW1lJTIyJTNFJTNDJTJGZGl2JTNFJTBBJTBBJTNDJTIxLS0lMjAzLiUyMEphdmFTY3JpcHQlMjBmJUMzJUJDciUyMGRpZSUyMGlGcmFtZSUyMEFQSSUyMC0tJTNFJTBBJTNDc2NyaXB0JTIwdHlwZSUzRCUyMnRleHQlMkZqYXZhc2NyaXB0JTIyJTNFJTBBJTIwJTIwd2luZG93Lm9uU3BvdGlmeUlmcmFtZUFwaVJlYWR5JTIwJTNEJTIwJTI4SUZyYW1lQVBJJTI5JTIwJTNEJTNFJTIwJTdCJTBBJTIwJTIwJTIwJTIwY29uc3QlMjBlbGVtZW50JTIwJTNEJTIwZG9jdW1lbnQuZ2V0RWxlbWVudEJ5SWQlMjglMjdlbWJlZC1pZnJhbWUlMjclMjklM0IlMEElMjAlMjAlMjAlMjBjb25zdCUyMG9wdGlvbnMlMjAlM0QlMjAlN0IlMEElMjAlMjAlMjAlMjAlMjAlMjB3aWR0aCUzQSUyMCUyNzEwMCUyNSUyNyUyQyUwQSUyMCUyMCUyMCUyMCUyMCUyMGhlaWdodCUzQSUyMCUyNzQwMCUyNyUyQyUwQSUyMCUyMCUyMCUyMCUyMCUyMHVyaSUzQSUyMCUyN3Nwb3RpZnklM0FzaG93JTNBMXhxUDFuSzA5OWM0UlREUDI1N0tuNCUyNyUwQSUyMCUyMCUyMCUyMCU3RCUzQiUwQSUyMCUyMCUyMCUyMGNvbnN0JTIwY2FsbGJhY2slMjAlM0QlMjAlMjhFbWJlZENvbnRyb2xsZXIlMjklMjAlM0QlM0UlMjAlN0IlMEElMjAlMjAlMjAlMjAlMjAlMjAlMkYlMkYlMjBDb250cm9sbGVyLU1ldGhvZGVuJTIwc3RlaGVuJTIwbnVuJTIwenVyJTIwVmVyZiVDMyVCQ2d1bmclMEElMjAlMjAlMjAlMjAlN0QlM0IlMEElMjAlMjAlMjAlMjBJRnJhbWVBUEkuY3JlYXRlQ29udHJvbGxlciUyOGVsZW1lbnQlMkMlMjBvcHRpb25zJTJDJTIwY2FsbGJhY2slMjklM0IlMEElMjAlMjAlN0QlM0IlMEElM0MlMkZzY3JpcHQlM0U=[\/vc_raw_html][\/vc_column][\/vc_row][vc_row el_class=\u00a0\u00bbcenter positionen-home\u00a0\u00bb el_id=\u00a0\u00bbpositionen-home\u00a0\u00bb][vc_column][vc_column_text]<\/p>\n<h2>Nos messages<\/h2>\n<p>[\/vc_column_text]<div class=\"positionen-container\"><div class=\"grid-item single-position\"><a href=\"https:\/\/www.regionalbanken.ch\/wp-content\/uploads\/VSRB_GB2025_F_final.pdf\" class=\"full\" target=\"_blank\"><\/a><span class=\"date\">15 avril 2026<\/span><h3>ABRS Rapport de gestion 2025<\/h3><div class=\"more icon-pdf\">\n          <svg version=\"1.1\" xmlns=\"http:\/\/www.w3.org\/2000\/svg\" xmlns:xlink=\"http:\/\/www.w3.org\/1999\/xlink\" x=\"0px\" y=\"0px\" width=\"32px\" height=\"42px\" viewBox=\"0 0 32 42\" enable-background=\"new 0 0 32 42\" xml:space=\"preserve\"><path fill=\"#13A59C\" d=\"M31.932,12.915c0-0.264-0.104-0.517-0.29-0.704L19.968,0.443c-0.188-0.189-0.443-0.295-0.709-0.296 L1.052,0.129c0,0,0,0-0.001,0c-0.265,0-0.519,0.105-0.707,0.292C0.156,0.609,0.051,0.864,0.051,1.129v39.741c0,0.552,0.448,1,1,1 h29.898c0.265,0,0.52-0.105,0.708-0.293c0.188-0.188,0.292-0.442,0.292-0.708L31.932,12.915z M20.258,3.575l8.272,8.339h-8.272 V3.575z M2.051,39.871V2.13l16.207,0.016v10.768c0,0.552,0.448,1,1,1h10.675l0.016,25.956H2.051z\"\/><g><path fill-rule=\"evenodd\" clip-rule=\"evenodd\" fill=\"#13A59C\" d=\"M12.218,29.456c0,2.106-1.542,2.569-3.497,2.569H7.419v3.153 H5.967V26.83h2.731C10.516,26.83,12.218,27.129,12.218,29.456z M7.419,30.826h1.348c1.098,0,1.943-0.161,1.943-1.358 c0-1.359-0.994-1.464-2.012-1.464H7.419V30.826z\"\/><\/g><g> <path fill-rule=\"evenodd\" clip-rule=\"evenodd\" fill=\"#13A59C\" d=\"M20.04,30.999c0,3.26-1.999,4.181-4.627,4.181H13.15v-8.349h2.263 C18.041,26.831,20.04,27.74,20.04,30.999z M14.602,28.004v6h0.743c1.589,0,3.188-0.356,3.188-3.006c0-2.638-1.6-2.994-3.188-2.994 H14.602z\"\/><\/g><g>  <polygon fill-rule=\"evenodd\" clip-rule=\"evenodd\" fill=\"#13A59C\" points=\"26.867,26.83 26.867,28.049 22.537,28.049 22.537,30.285 26.616,30.285 26.616,31.493 22.537,31.493 22.537,35.18 21.086,35.18 21.086,26.83 \"\/><\/g><\/svg>\n          <\/div><\/div><div class=\"grid-item single-position\"><a href=\"https:\/\/www.regionalbanken.ch\/wp-content\/uploads\/251107_VSRB-Vernehmlassungsantwort_Veranwortlichkeitsregime_signiert.pdf\" class=\"full\" target=\"_blank\"><\/a><span class=\"date\">21 novembre 2025<\/span><h3>Prise de position sur le r\u00e9gime de responsabilit\u00e9 (en allemand)<\/h3><div class=\"more icon-pdf\">\n          <svg version=\"1.1\" xmlns=\"http:\/\/www.w3.org\/2000\/svg\" xmlns:xlink=\"http:\/\/www.w3.org\/1999\/xlink\" x=\"0px\" y=\"0px\" width=\"32px\" height=\"42px\" viewBox=\"0 0 32 42\" enable-background=\"new 0 0 32 42\" xml:space=\"preserve\"><path fill=\"#13A59C\" d=\"M31.932,12.915c0-0.264-0.104-0.517-0.29-0.704L19.968,0.443c-0.188-0.189-0.443-0.295-0.709-0.296 L1.052,0.129c0,0,0,0-0.001,0c-0.265,0-0.519,0.105-0.707,0.292C0.156,0.609,0.051,0.864,0.051,1.129v39.741c0,0.552,0.448,1,1,1 h29.898c0.265,0,0.52-0.105,0.708-0.293c0.188-0.188,0.292-0.442,0.292-0.708L31.932,12.915z M20.258,3.575l8.272,8.339h-8.272 V3.575z M2.051,39.871V2.13l16.207,0.016v10.768c0,0.552,0.448,1,1,1h10.675l0.016,25.956H2.051z\"\/><g><path fill-rule=\"evenodd\" clip-rule=\"evenodd\" fill=\"#13A59C\" d=\"M12.218,29.456c0,2.106-1.542,2.569-3.497,2.569H7.419v3.153 H5.967V26.83h2.731C10.516,26.83,12.218,27.129,12.218,29.456z M7.419,30.826h1.348c1.098,0,1.943-0.161,1.943-1.358 c0-1.359-0.994-1.464-2.012-1.464H7.419V30.826z\"\/><\/g><g> <path fill-rule=\"evenodd\" clip-rule=\"evenodd\" fill=\"#13A59C\" d=\"M20.04,30.999c0,3.26-1.999,4.181-4.627,4.181H13.15v-8.349h2.263 C18.041,26.831,20.04,27.74,20.04,30.999z M14.602,28.004v6h0.743c1.589,0,3.188-0.356,3.188-3.006c0-2.638-1.6-2.994-3.188-2.994 H14.602z\"\/><\/g><g>  <polygon fill-rule=\"evenodd\" clip-rule=\"evenodd\" fill=\"#13A59C\" points=\"26.867,26.83 26.867,28.049 22.537,28.049 22.537,30.285 26.616,30.285 26.616,31.493 22.537,31.493 22.537,35.18 21.086,35.18 21.086,26.83 \"\/><\/g><\/svg>\n          <\/div><\/div><\/div><div class=\"button-container center\"><a href=\"https:\/\/www.regionalbanken.ch\/fr\/messages\/\">Plus de messages<\/a><\/div>[\/vc_column][\/vc_row][vc_row css_animation=\u00a0\u00bbnone\u00a0\u00bb el_class=\u00a0\u00bbcenter\u00a0\u00bb][vc_column][vc_column_text]<\/p>\n<h2>Nos activit\u00e9s<\/h2>\n<ul>\n<li>traiter des questions relevant de la politique bancaire et professionnelle<\/li>\n<li>participer aux proc\u00e9dures de consultation et r\u00e9diger des prises de position<\/li>\n<li>promouvoir et soutenir les \u00e9changes entre les membres<\/li>\n<li>entretenir les contacts avec les autorit\u00e9s f\u00e9d\u00e9rales, la Banque nationale suisse, l\u2019Association suisse des banquiers, la FINMA et d\u2019autres organisations<\/li>\n<li>nous impliquer activement dans les instances et les exploitations d\u2019infrastructure sur la place financi\u00e8re suisse<\/li>\n<li><\/li>\n<\/ul>\n<p>[\/vc_column_text][\/vc_column][\/vc_row][vc_row el_class=\u00a0\u00bbcenter wichtigedaten-home\u00a0\u00bb][vc_column][vc_column_text]<\/p>\n<h2>Ech\u00e9ances<\/h2>\n<p>[\/vc_column_text]<div class=\"daten-container\"><div class=\"grid-item single-date  nourl\"><span class=\"date\">27 avril \u2013 1 mai 2026<\/span><h3>Parlement: Session sp\u00e9ciale 2026<\/h3><\/div><div class=\"grid-item single-date  nourl\"><span class=\"date\">1  \u2013 19 juin 2026<\/span><h3>Parlement: Session d'\u00e9t\u00e9 2026<\/h3><\/div><\/div><div class=\"button-container center\"><a href=\"https:\/\/www.regionalbanken.ch\/fr\/echeances\/\">Toutes les dates<\/a><\/div>[\/vc_column][\/vc_row]<\/p>\n<\/div>","protected":false},"excerpt":{"rendered":"<p>[vc_row css_animation=\u00a0\u00bbnone\u00a0\u00bb el_class=\u00a0\u00bbcenter\u00a0\u00bb][vc_column][vc_column_text css=\u00a0\u00bb\u00a0\u00bb] Le podcast de l&rsquo;ABRS L&rsquo;\u00e9conomie est g\u00e9n\u00e9ralement moins compliqu\u00e9e qu&rsquo;on ne le pense. Le podcast de l&rsquo;ABRS \u00ab Angebot &amp; nachgefragt \u00bb explore les causes et les cons\u00e9quences des \u00e9v\u00e9nements \u00e9conomiques de mani\u00e8re accessible et divertissante. Ces sujets globaux sont compl\u00e9ment\u00e9s par des entretiens avec des personnalit\u00e9s de la r\u00e9gion. D\u00fb [&hellip;]<\/p>\n","protected":false},"author":3,"featured_media":0,"parent":0,"menu_order":4,"comment_status":"closed","ping_status":"closed","template":"page-headerbild_full.php","meta":{"_acf_changed":false,"footnotes":""},"class_list":["post-1685","page","type-page","status-publish","hentry"],"acf":[],"yoast_head":"<!-- This site is optimized with the Yoast SEO plugin v27.0 - https:\/\/yoast.com\/product\/yoast-seo-wordpress\/ -->\n<title>VSRB Association des banques r\u00e9gionales suisses pour la place financi\u00e8re suisse<\/title>\n<meta name=\"description\" content=\"Nous nous impliquons pour renforcer la position des banques r\u00e9gionales, nous traitons des questions relevant de la politique bancaire et professionnelle et nous entretenons des contacts avec les autorit\u00e9s f\u00e9d\u00e9rales, la Banque nationale suisse, l\u2019Association des banquiers suisses, la FINMA et d\u2019autres organisations.\" \/>\n<meta name=\"robots\" content=\"index, follow, max-snippet:-1, max-image-preview:large, max-video-preview:-1\" \/>\n<link rel=\"canonical\" href=\"https:\/\/www.regionalbanken.ch\/fr\/\" \/>\n<meta property=\"og:locale\" content=\"fr_FR\" \/>\n<meta property=\"og:type\" content=\"article\" \/>\n<meta property=\"og:title\" content=\"VSRB Association des banques r\u00e9gionales suisses pour la place financi\u00e8re suisse\" \/>\n<meta property=\"og:description\" content=\"Nous nous impliquons pour renforcer la position des banques r\u00e9gionales, nous traitons des questions relevant de la politique bancaire et professionnelle et nous entretenons des contacts avec les autorit\u00e9s f\u00e9d\u00e9rales, la Banque nationale suisse, l\u2019Association des banquiers suisses, la FINMA et d\u2019autres organisations.\" \/>\n<meta property=\"og:url\" content=\"https:\/\/www.regionalbanken.ch\/fr\/\" \/>\n<meta property=\"og:site_name\" content=\"VSRB\" \/>\n<meta property=\"article:modified_time\" content=\"2026-04-09T08:52:12+00:00\" \/>\n<meta name=\"twitter:card\" content=\"summary_large_image\" \/>\n<meta name=\"twitter:label1\" content=\"Dur\u00e9e de lecture estim\u00e9e\" \/>\n\t<meta name=\"twitter:data1\" content=\"2 minutes\" \/>\n<script type=\"application\/ld+json\" class=\"yoast-schema-graph\">{\"@context\":\"https:\/\/schema.org\",\"@graph\":[{\"@type\":\"WebPage\",\"@id\":\"https:\/\/www.regionalbanken.ch\/fr\/\",\"url\":\"https:\/\/www.regionalbanken.ch\/fr\/\",\"name\":\"VSRB Association des banques r\u00e9gionales suisses pour la place financi\u00e8re suisse\",\"isPartOf\":{\"@id\":\"https:\/\/www.regionalbanken.ch\/fr\/#website\"},\"datePublished\":\"2018-02-12T06:48:55+00:00\",\"dateModified\":\"2026-04-09T08:52:12+00:00\",\"description\":\"Nous nous impliquons pour renforcer la position des banques r\u00e9gionales, nous traitons des questions relevant de la politique bancaire et professionnelle et nous entretenons des contacts avec les autorit\u00e9s f\u00e9d\u00e9rales, la Banque nationale suisse, l\u2019Association des banquiers suisses, la FINMA et d\u2019autres organisations.\",\"breadcrumb\":{\"@id\":\"https:\/\/www.regionalbanken.ch\/fr\/#breadcrumb\"},\"inLanguage\":\"fr-FR\",\"potentialAction\":[{\"@type\":\"ReadAction\",\"target\":[\"https:\/\/www.regionalbanken.ch\/fr\/\"]}]},{\"@type\":\"BreadcrumbList\",\"@id\":\"https:\/\/www.regionalbanken.ch\/fr\/#breadcrumb\",\"itemListElement\":[{\"@type\":\"ListItem\",\"position\":1,\"name\":\"Home\",\"item\":\"https:\/\/www.regionalbanken.ch\/fr\/\"},{\"@type\":\"ListItem\",\"position\":2,\"name\":\"Page d\u2019accueil\"}]},{\"@type\":\"WebSite\",\"@id\":\"https:\/\/www.regionalbanken.ch\/fr\/#website\",\"url\":\"https:\/\/www.regionalbanken.ch\/fr\/\",\"name\":\"VSRB\",\"description\":\"\",\"publisher\":{\"@id\":\"https:\/\/www.regionalbanken.ch\/fr\/#organization\"},\"potentialAction\":[{\"@type\":\"SearchAction\",\"target\":{\"@type\":\"EntryPoint\",\"urlTemplate\":\"https:\/\/www.regionalbanken.ch\/fr\/?s={search_term_string}\"},\"query-input\":{\"@type\":\"PropertyValueSpecification\",\"valueRequired\":true,\"valueName\":\"search_term_string\"}}],\"inLanguage\":\"fr-FR\"},{\"@type\":\"Organization\",\"@id\":\"https:\/\/www.regionalbanken.ch\/fr\/#organization\",\"name\":\"Verband Schweizer Regionalbanken\",\"url\":\"https:\/\/www.regionalbanken.ch\/fr\/\",\"logo\":{\"@type\":\"ImageObject\",\"inLanguage\":\"fr-FR\",\"@id\":\"https:\/\/www.regionalbanken.ch\/fr\/#\/schema\/logo\/image\/\",\"url\":\"https:\/\/www.regionalbanken.ch\/wp-content\/uploads\/vsrb_logo.png\",\"contentUrl\":\"https:\/\/www.regionalbanken.ch\/wp-content\/uploads\/vsrb_logo.png\",\"width\":1048,\"height\":216,\"caption\":\"Verband Schweizer Regionalbanken\"},\"image\":{\"@id\":\"https:\/\/www.regionalbanken.ch\/fr\/#\/schema\/logo\/image\/\"}}]}<\/script>\n<!-- \/ Yoast SEO plugin. -->","yoast_head_json":{"title":"VSRB Association des banques r\u00e9gionales suisses pour la place financi\u00e8re suisse","description":"Nous nous impliquons pour renforcer la position des banques r\u00e9gionales, nous traitons des questions relevant de la politique bancaire et professionnelle et nous entretenons des contacts avec les autorit\u00e9s f\u00e9d\u00e9rales, la Banque nationale suisse, l\u2019Association des banquiers suisses, la FINMA et d\u2019autres organisations.","robots":{"index":"index","follow":"follow","max-snippet":"max-snippet:-1","max-image-preview":"max-image-preview:large","max-video-preview":"max-video-preview:-1"},"canonical":"https:\/\/www.regionalbanken.ch\/fr\/","og_locale":"fr_FR","og_type":"article","og_title":"VSRB Association des banques r\u00e9gionales suisses pour la place financi\u00e8re suisse","og_description":"Nous nous impliquons pour renforcer la position des banques r\u00e9gionales, nous traitons des questions relevant de la politique bancaire et professionnelle et nous entretenons des contacts avec les autorit\u00e9s f\u00e9d\u00e9rales, la Banque nationale suisse, l\u2019Association des banquiers suisses, la FINMA et d\u2019autres organisations.","og_url":"https:\/\/www.regionalbanken.ch\/fr\/","og_site_name":"VSRB","article_modified_time":"2026-04-09T08:52:12+00:00","twitter_card":"summary_large_image","twitter_misc":{"Dur\u00e9e de lecture estim\u00e9e":"2 minutes"},"schema":{"@context":"https:\/\/schema.org","@graph":[{"@type":"WebPage","@id":"https:\/\/www.regionalbanken.ch\/fr\/","url":"https:\/\/www.regionalbanken.ch\/fr\/","name":"VSRB Association des banques r\u00e9gionales suisses pour la place financi\u00e8re suisse","isPartOf":{"@id":"https:\/\/www.regionalbanken.ch\/fr\/#website"},"datePublished":"2018-02-12T06:48:55+00:00","dateModified":"2026-04-09T08:52:12+00:00","description":"Nous nous impliquons pour renforcer la position des banques r\u00e9gionales, nous traitons des questions relevant de la politique bancaire et professionnelle et nous entretenons des contacts avec les autorit\u00e9s f\u00e9d\u00e9rales, la Banque nationale suisse, l\u2019Association des banquiers suisses, la FINMA et d\u2019autres organisations.","breadcrumb":{"@id":"https:\/\/www.regionalbanken.ch\/fr\/#breadcrumb"},"inLanguage":"fr-FR","potentialAction":[{"@type":"ReadAction","target":["https:\/\/www.regionalbanken.ch\/fr\/"]}]},{"@type":"BreadcrumbList","@id":"https:\/\/www.regionalbanken.ch\/fr\/#breadcrumb","itemListElement":[{"@type":"ListItem","position":1,"name":"Home","item":"https:\/\/www.regionalbanken.ch\/fr\/"},{"@type":"ListItem","position":2,"name":"Page d\u2019accueil"}]},{"@type":"WebSite","@id":"https:\/\/www.regionalbanken.ch\/fr\/#website","url":"https:\/\/www.regionalbanken.ch\/fr\/","name":"VSRB","description":"","publisher":{"@id":"https:\/\/www.regionalbanken.ch\/fr\/#organization"},"potentialAction":[{"@type":"SearchAction","target":{"@type":"EntryPoint","urlTemplate":"https:\/\/www.regionalbanken.ch\/fr\/?s={search_term_string}"},"query-input":{"@type":"PropertyValueSpecification","valueRequired":true,"valueName":"search_term_string"}}],"inLanguage":"fr-FR"},{"@type":"Organization","@id":"https:\/\/www.regionalbanken.ch\/fr\/#organization","name":"Verband Schweizer Regionalbanken","url":"https:\/\/www.regionalbanken.ch\/fr\/","logo":{"@type":"ImageObject","inLanguage":"fr-FR","@id":"https:\/\/www.regionalbanken.ch\/fr\/#\/schema\/logo\/image\/","url":"https:\/\/www.regionalbanken.ch\/wp-content\/uploads\/vsrb_logo.png","contentUrl":"https:\/\/www.regionalbanken.ch\/wp-content\/uploads\/vsrb_logo.png","width":1048,"height":216,"caption":"Verband Schweizer Regionalbanken"},"image":{"@id":"https:\/\/www.regionalbanken.ch\/fr\/#\/schema\/logo\/image\/"}}]}},"_links":{"self":[{"href":"https:\/\/www.regionalbanken.ch\/fr\/wp-json\/wp\/v2\/pages\/1685","targetHints":{"allow":["GET"]}}],"collection":[{"href":"https:\/\/www.regionalbanken.ch\/fr\/wp-json\/wp\/v2\/pages"}],"about":[{"href":"https:\/\/www.regionalbanken.ch\/fr\/wp-json\/wp\/v2\/types\/page"}],"author":[{"embeddable":true,"href":"https:\/\/www.regionalbanken.ch\/fr\/wp-json\/wp\/v2\/users\/3"}],"replies":[{"embeddable":true,"href":"https:\/\/www.regionalbanken.ch\/fr\/wp-json\/wp\/v2\/comments?post=1685"}],"version-history":[{"count":13,"href":"https:\/\/www.regionalbanken.ch\/fr\/wp-json\/wp\/v2\/pages\/1685\/revisions"}],"predecessor-version":[{"id":4462,"href":"https:\/\/www.regionalbanken.ch\/fr\/wp-json\/wp\/v2\/pages\/1685\/revisions\/4462"}],"wp:attachment":[{"href":"https:\/\/www.regionalbanken.ch\/fr\/wp-json\/wp\/v2\/media?parent=1685"}],"curies":[{"name":"wp","href":"https:\/\/api.w.org\/{rel}","templated":true}]}}