{"id":1687,"date":"2018-02-12T07:49:58","date_gmt":"2018-02-12T06:49:58","guid":{"rendered":"https:\/\/www.regionalbanken.ch\/stellungnahmen\/"},"modified":"2023-09-19T11:08:56","modified_gmt":"2023-09-19T09:08:56","slug":"messages","status":"publish","type":"page","link":"https:\/\/www.regionalbanken.ch\/fr\/messages\/","title":{"rendered":"Messages"},"content":{"rendered":"<div class=\"wpb-content-wrapper\"><p>[vc_row][vc_column][vc_column_text]<\/p>\n<h1>Nos prises de position, reportages de presse et messages<\/h1>\n<p>Nous manifestons nos positions lors d\u2019auditions et de proc\u00e9dures de consultation aupr\u00e8s de l\u2019Association suisse des banquiers. Dans des cas importants, nous nous adressons aussi directement aux autorit\u00e9s. Cette rubrique contient \u00e9galement des reportages de presse et autres messages.[\/vc_column_text][\/vc_column][\/vc_row]<\/p>\n<\/div>","protected":false},"excerpt":{"rendered":"<p>[vc_row][vc_column][vc_column_text] Nos prises de position, reportages de presse et messages Nous manifestons nos positions lors d\u2019auditions et de proc\u00e9dures de consultation aupr\u00e8s de l\u2019Association suisse des banquiers. Dans des cas importants, nous nous adressons aussi directement aux autorit\u00e9s. Cette rubrique contient \u00e9galement des reportages de presse et autres messages.[\/vc_column_text][\/vc_column][\/vc_row]<\/p>\n","protected":false},"author":3,"featured_media":0,"parent":0,"menu_order":7,"comment_status":"closed","ping_status":"closed","template":"page-stellungnahmen.php","meta":{"_acf_changed":false,"footnotes":""},"class_list":["post-1687","page","type-page","status-publish","hentry"],"acf":[],"yoast_head":"<!-- This site is optimized with the Yoast SEO plugin v27.0 - https:\/\/yoast.com\/product\/yoast-seo-wordpress\/ -->\n<title>ABRS \u2013 Prises de position sur des sujets de politique financi\u00e8re, auditions<\/title>\n<meta name=\"description\" content=\"La VSRB manifeste ses positions lors d\u2019auditions et de proc\u00e9dures de consultation aupr\u00e8s de l\u2019Association suisse des banquiers. Vous trouverez ici nos positions, communiqu\u00e9s de presse et proc\u00e9dures de consultation relevant des banques r\u00e9gionales et financi\u00e8res suisses.\" \/>\n<meta name=\"robots\" content=\"index, follow, max-snippet:-1, max-image-preview:large, max-video-preview:-1\" \/>\n<link rel=\"canonical\" href=\"https:\/\/www.regionalbanken.ch\/fr\/messages\/\" \/>\n<meta property=\"og:locale\" content=\"fr_FR\" \/>\n<meta property=\"og:type\" content=\"article\" \/>\n<meta property=\"og:title\" content=\"ABRS \u2013 Prises de position sur des sujets de politique financi\u00e8re, auditions\" \/>\n<meta property=\"og:description\" content=\"La VSRB manifeste ses positions lors d\u2019auditions et de proc\u00e9dures de consultation aupr\u00e8s de l\u2019Association suisse des banquiers. Vous trouverez ici nos positions, communiqu\u00e9s de presse et proc\u00e9dures de consultation relevant des banques r\u00e9gionales et financi\u00e8res suisses.\" \/>\n<meta property=\"og:url\" content=\"https:\/\/www.regionalbanken.ch\/fr\/messages\/\" \/>\n<meta property=\"og:site_name\" content=\"VSRB\" \/>\n<meta property=\"article:modified_time\" content=\"2023-09-19T09:08:56+00:00\" \/>\n<meta name=\"twitter:card\" content=\"summary_large_image\" \/>\n<meta name=\"twitter:label1\" content=\"Dur\u00e9e de lecture estim\u00e9e\" \/>\n\t<meta name=\"twitter:data1\" content=\"1 minute\" \/>\n<script type=\"application\/ld+json\" class=\"yoast-schema-graph\">{\"@context\":\"https:\/\/schema.org\",\"@graph\":[{\"@type\":\"WebPage\",\"@id\":\"https:\/\/www.regionalbanken.ch\/fr\/messages\/\",\"url\":\"https:\/\/www.regionalbanken.ch\/fr\/messages\/\",\"name\":\"ABRS \u2013 Prises de position sur des sujets de politique financi\u00e8re, auditions\",\"isPartOf\":{\"@id\":\"https:\/\/www.regionalbanken.ch\/fr\/#website\"},\"datePublished\":\"2018-02-12T06:49:58+00:00\",\"dateModified\":\"2023-09-19T09:08:56+00:00\",\"description\":\"La VSRB manifeste ses positions lors d\u2019auditions et de proc\u00e9dures de consultation aupr\u00e8s de l\u2019Association suisse des banquiers. Vous trouverez ici nos positions, communiqu\u00e9s de presse et proc\u00e9dures de consultation relevant des banques r\u00e9gionales et financi\u00e8res suisses.\",\"breadcrumb\":{\"@id\":\"https:\/\/www.regionalbanken.ch\/fr\/messages\/#breadcrumb\"},\"inLanguage\":\"fr-FR\",\"potentialAction\":[{\"@type\":\"ReadAction\",\"target\":[\"https:\/\/www.regionalbanken.ch\/fr\/messages\/\"]}]},{\"@type\":\"BreadcrumbList\",\"@id\":\"https:\/\/www.regionalbanken.ch\/fr\/messages\/#breadcrumb\",\"itemListElement\":[{\"@type\":\"ListItem\",\"position\":1,\"name\":\"Home\",\"item\":\"https:\/\/www.regionalbanken.ch\/fr\/\"},{\"@type\":\"ListItem\",\"position\":2,\"name\":\"Messages\"}]},{\"@type\":\"WebSite\",\"@id\":\"https:\/\/www.regionalbanken.ch\/fr\/#website\",\"url\":\"https:\/\/www.regionalbanken.ch\/fr\/\",\"name\":\"VSRB\",\"description\":\"\",\"publisher\":{\"@id\":\"https:\/\/www.regionalbanken.ch\/fr\/#organization\"},\"potentialAction\":[{\"@type\":\"SearchAction\",\"target\":{\"@type\":\"EntryPoint\",\"urlTemplate\":\"https:\/\/www.regionalbanken.ch\/fr\/?s={search_term_string}\"},\"query-input\":{\"@type\":\"PropertyValueSpecification\",\"valueRequired\":true,\"valueName\":\"search_term_string\"}}],\"inLanguage\":\"fr-FR\"},{\"@type\":\"Organization\",\"@id\":\"https:\/\/www.regionalbanken.ch\/fr\/#organization\",\"name\":\"Verband Schweizer Regionalbanken\",\"url\":\"https:\/\/www.regionalbanken.ch\/fr\/\",\"logo\":{\"@type\":\"ImageObject\",\"inLanguage\":\"fr-FR\",\"@id\":\"https:\/\/www.regionalbanken.ch\/fr\/#\/schema\/logo\/image\/\",\"url\":\"https:\/\/www.regionalbanken.ch\/wp-content\/uploads\/vsrb_logo.png\",\"contentUrl\":\"https:\/\/www.regionalbanken.ch\/wp-content\/uploads\/vsrb_logo.png\",\"width\":1048,\"height\":216,\"caption\":\"Verband Schweizer Regionalbanken\"},\"image\":{\"@id\":\"https:\/\/www.regionalbanken.ch\/fr\/#\/schema\/logo\/image\/\"}}]}<\/script>\n<!-- \/ Yoast SEO plugin. -->","yoast_head_json":{"title":"ABRS \u2013 Prises de position sur des sujets de politique financi\u00e8re, auditions","description":"La VSRB manifeste ses positions lors d\u2019auditions et de proc\u00e9dures de consultation aupr\u00e8s de l\u2019Association suisse des banquiers. Vous trouverez ici nos positions, communiqu\u00e9s de presse et proc\u00e9dures de consultation relevant des banques r\u00e9gionales et financi\u00e8res suisses.","robots":{"index":"index","follow":"follow","max-snippet":"max-snippet:-1","max-image-preview":"max-image-preview:large","max-video-preview":"max-video-preview:-1"},"canonical":"https:\/\/www.regionalbanken.ch\/fr\/messages\/","og_locale":"fr_FR","og_type":"article","og_title":"ABRS \u2013 Prises de position sur des sujets de politique financi\u00e8re, auditions","og_description":"La VSRB manifeste ses positions lors d\u2019auditions et de proc\u00e9dures de consultation aupr\u00e8s de l\u2019Association suisse des banquiers. Vous trouverez ici nos positions, communiqu\u00e9s de presse et proc\u00e9dures de consultation relevant des banques r\u00e9gionales et financi\u00e8res suisses.","og_url":"https:\/\/www.regionalbanken.ch\/fr\/messages\/","og_site_name":"VSRB","article_modified_time":"2023-09-19T09:08:56+00:00","twitter_card":"summary_large_image","twitter_misc":{"Dur\u00e9e de lecture estim\u00e9e":"1 minute"},"schema":{"@context":"https:\/\/schema.org","@graph":[{"@type":"WebPage","@id":"https:\/\/www.regionalbanken.ch\/fr\/messages\/","url":"https:\/\/www.regionalbanken.ch\/fr\/messages\/","name":"ABRS \u2013 Prises de position sur des sujets de politique financi\u00e8re, auditions","isPartOf":{"@id":"https:\/\/www.regionalbanken.ch\/fr\/#website"},"datePublished":"2018-02-12T06:49:58+00:00","dateModified":"2023-09-19T09:08:56+00:00","description":"La VSRB manifeste ses positions lors d\u2019auditions et de proc\u00e9dures de consultation aupr\u00e8s de l\u2019Association suisse des banquiers. Vous trouverez ici nos positions, communiqu\u00e9s de presse et proc\u00e9dures de consultation relevant des banques r\u00e9gionales et financi\u00e8res suisses.","breadcrumb":{"@id":"https:\/\/www.regionalbanken.ch\/fr\/messages\/#breadcrumb"},"inLanguage":"fr-FR","potentialAction":[{"@type":"ReadAction","target":["https:\/\/www.regionalbanken.ch\/fr\/messages\/"]}]},{"@type":"BreadcrumbList","@id":"https:\/\/www.regionalbanken.ch\/fr\/messages\/#breadcrumb","itemListElement":[{"@type":"ListItem","position":1,"name":"Home","item":"https:\/\/www.regionalbanken.ch\/fr\/"},{"@type":"ListItem","position":2,"name":"Messages"}]},{"@type":"WebSite","@id":"https:\/\/www.regionalbanken.ch\/fr\/#website","url":"https:\/\/www.regionalbanken.ch\/fr\/","name":"VSRB","description":"","publisher":{"@id":"https:\/\/www.regionalbanken.ch\/fr\/#organization"},"potentialAction":[{"@type":"SearchAction","target":{"@type":"EntryPoint","urlTemplate":"https:\/\/www.regionalbanken.ch\/fr\/?s={search_term_string}"},"query-input":{"@type":"PropertyValueSpecification","valueRequired":true,"valueName":"search_term_string"}}],"inLanguage":"fr-FR"},{"@type":"Organization","@id":"https:\/\/www.regionalbanken.ch\/fr\/#organization","name":"Verband Schweizer Regionalbanken","url":"https:\/\/www.regionalbanken.ch\/fr\/","logo":{"@type":"ImageObject","inLanguage":"fr-FR","@id":"https:\/\/www.regionalbanken.ch\/fr\/#\/schema\/logo\/image\/","url":"https:\/\/www.regionalbanken.ch\/wp-content\/uploads\/vsrb_logo.png","contentUrl":"https:\/\/www.regionalbanken.ch\/wp-content\/uploads\/vsrb_logo.png","width":1048,"height":216,"caption":"Verband Schweizer Regionalbanken"},"image":{"@id":"https:\/\/www.regionalbanken.ch\/fr\/#\/schema\/logo\/image\/"}}]}},"_links":{"self":[{"href":"https:\/\/www.regionalbanken.ch\/fr\/wp-json\/wp\/v2\/pages\/1687","targetHints":{"allow":["GET"]}}],"collection":[{"href":"https:\/\/www.regionalbanken.ch\/fr\/wp-json\/wp\/v2\/pages"}],"about":[{"href":"https:\/\/www.regionalbanken.ch\/fr\/wp-json\/wp\/v2\/types\/page"}],"author":[{"embeddable":true,"href":"https:\/\/www.regionalbanken.ch\/fr\/wp-json\/wp\/v2\/users\/3"}],"replies":[{"embeddable":true,"href":"https:\/\/www.regionalbanken.ch\/fr\/wp-json\/wp\/v2\/comments?post=1687"}],"version-history":[{"count":5,"href":"https:\/\/www.regionalbanken.ch\/fr\/wp-json\/wp\/v2\/pages\/1687\/revisions"}],"predecessor-version":[{"id":3596,"href":"https:\/\/www.regionalbanken.ch\/fr\/wp-json\/wp\/v2\/pages\/1687\/revisions\/3596"}],"wp:attachment":[{"href":"https:\/\/www.regionalbanken.ch\/fr\/wp-json\/wp\/v2\/media?parent=1687"}],"curies":[{"name":"wp","href":"https:\/\/api.w.org\/{rel}","templated":true}]}}