{"id":1691,"date":"2018-02-12T07:54:18","date_gmt":"2018-02-12T06:54:18","guid":{"rendered":"https:\/\/www.regionalbanken.ch\/kontakt\/"},"modified":"2022-10-18T07:55:01","modified_gmt":"2022-10-18T05:55:01","slug":"contact","status":"publish","type":"page","link":"https:\/\/www.regionalbanken.ch\/fr\/contact\/","title":{"rendered":"Contact"},"content":{"rendered":"<div class=\"wpb-content-wrapper\"><p>[vc_row][vc_column][vc_column_text]<\/p>\n<h1>Veuillez nous contacter<\/h1>\n<p>[\/vc_column_text][\/vc_column][\/vc_row][vc_row el_class=\u00a0\u00bbnomargin\u00a0\u00bb][vc_column width=\u00a0\u00bb1\/2&Prime;][vc_column_text]<strong>Verband Schweizer Regionalbanken<br \/>\nAssociation des banques r\u00e9gionales suisses<\/strong><br \/>\nMattenstrasse 8<br \/>\n3073 G\u00fcmligen<\/p>\n<p><a class=\"tel\" href=\"tel:+41 31 660 45 00\">+41 31 660 45 00<\/a><br \/>\n<a class=\"mail\" href=\"&#x6d;&#x61;&#105;lt&#x6f;&#x3a;&#105;&#110;f&#x6f;&#x40;&#118;&#115;r&#x62;&#x2e;&#x63;&#104;\">&#105;&#110;&#x66;o&#64;&#x76;&#x73;r&#98;&#x2e;&#x63;h<\/a>[\/vc_column_text][\/vc_column][vc_column width=\u00a0\u00bb1\/2&Prime;][vc_column_text]<strong>Contact avec les m\u00e9dias<br \/>\n<\/strong>J\u00fcrg de Spindler<\/p>\n<p><a class=\"tel\" href=\"tel:+41 31 660 44 20\">+41 31 660 44 20<\/a><br \/>\n<a class=\"mail\" href=\"&#x6d;&#97;&#x69;&#x6c;&#116;&#x6f;&#x3a;&#106;&#x75;&#x65;&#114;&#x67;&#x2e;d&#x65;&#x73;p&#x69;&#110;d&#x6c;&#101;r&#x40;&#118;s&#x72;&#98;&#46;&#x63;&#104;\">&#x6a;&#x75;&#x65;&#x72;&#x67;&#x2e;&#x64;&#x65;&#115;&#112;&#105;&#110;&#100;&#108;&#101;r&#64;vs&#x72;&#x62;&#x2e;&#x63;&#x68;<\/a>[\/vc_column_text][\/vc_column][\/vc_row][vc_row el_class=\u00a0\u00bbsmallmargin\u00a0\u00bb][vc_column][vc_column_text]<div id=\"quform-ed43d5\" class=\"quform quform-4 quform-support-page-caching\"><form id=\"quform-form-ed43d5\" class=\"quform-form quform-form-4\" action=\"\/fr\/wp-json\/wp\/v2\/pages\/1691#quform-ed43d5\" method=\"post\" enctype=\"multipart\/form-data\" novalidate=\"novalidate\" data-options=\"{&quot;id&quot;:4,&quot;uniqueId&quot;:&quot;ed43d5&quot;,&quot;theme&quot;:&quot;&quot;,&quot;ajax&quot;:true,&quot;logic&quot;:{&quot;logic&quot;:[],&quot;dependents&quot;:[],&quot;elementIds&quot;:[],&quot;dependentElementIds&quot;:[],&quot;animate&quot;:true},&quot;currentPageId&quot;:1,&quot;errorsIcon&quot;:&quot;&quot;,&quot;updateFancybox&quot;:true,&quot;hasPages&quot;:false,&quot;pages&quot;:[1],&quot;pageProgressType&quot;:&quot;numbers&quot;,&quot;tooltipsEnabled&quot;:true,&quot;tooltipClasses&quot;:&quot;qtip-quform-dark qtip-shadow&quot;,&quot;tooltipMy&quot;:&quot;left center&quot;,&quot;tooltipAt&quot;:&quot;right center&quot;,&quot;isRtl&quot;:false,&quot;scrollOffset&quot;:-50,&quot;scrollSpeed&quot;:800}\"><button class=\"quform-default-submit\" name=\"quform_submit\" type=\"submit\" value=\"submit\" aria-hidden=\"true\" tabindex=\"-1\"><\/button><div class=\"quform-form-inner quform-form-inner-4\"><input type=\"hidden\" name=\"quform_form_id\" value=\"4\" \/><input type=\"hidden\" name=\"quform_form_uid\" value=\"ed43d5\" \/><input type=\"hidden\" name=\"quform_count\" value=\"1\" \/><input type=\"hidden\" name=\"form_url\" value=\"https:\/\/www.regionalbanken.ch\/fr\/wp-json\/wp\/v2\/pages\/1691\" \/><input type=\"hidden\" name=\"referring_url\" value=\"\" \/><input type=\"hidden\" name=\"post_id\" value=\"\" \/><input type=\"hidden\" name=\"post_title\" value=\"\" \/><input type=\"hidden\" name=\"quform_current_page_id\" value=\"1\" \/><input type=\"hidden\" name=\"quform_loaded\" value=\"1777668523|dc19119190ef81376a67d838de0c1e26\" \/><input type=\"hidden\" name=\"quform_csrf_token\" value=\"nfRAN5U3BUwwRK7KwulPr4YxvUUIdvW6ROOZd3zG\" \/><div class=\"quform-elements quform-elements-4 quform-cf quform-responsive-elements-phone-landscape\"><div class=\"quform-element quform-element-page quform-page-1 quform-page-4_1 quform-cf quform-group-style-plain quform-first-page quform-last-page quform-current-page\"><div class=\"quform-child-elements\"><div class=\"quform-element quform-element-text quform-element-4_3 quform-cf quform-labels-inside quform-element-required\"><div class=\"quform-spacer\"><div class=\"quform-label quform-label-4_3\"><label class=\"quform-label-text\" for=\"quform_4_3_ed43d5\">Entreprise<span class=\"quform-required\">*<\/span><\/label><\/div><div class=\"quform-inner quform-inner-text quform-inner-4_3\"><div class=\"quform-input quform-input-text quform-input-4_3 quform-cf\"><input type=\"text\" id=\"quform_4_3_ed43d5\" name=\"quform_4_3\" class=\"quform-field quform-field-text quform-field-4_3 firma\" \/><\/div><\/div><\/div><\/div><div class=\"quform-element quform-element-group quform-element-4_4 quform-cf quform-group-style-plain\"><div class=\"quform-spacer\"><div class=\"quform-child-elements\"><div class=\"quform-element quform-element-text quform-element-4_6 quform-cf quform-labels-inside quform-element-required\"><div class=\"quform-spacer\"><div class=\"quform-label quform-label-4_6\"><label class=\"quform-label-text\" for=\"quform_4_6_ed43d5\">Pr\u00e9nom<span class=\"quform-required\">*<\/span><\/label><\/div><div class=\"quform-inner quform-inner-text quform-inner-4_6\"><div class=\"quform-input quform-input-text quform-input-4_6 quform-cf\"><input type=\"text\" id=\"quform_4_6_ed43d5\" name=\"quform_4_6\" class=\"quform-field quform-field-text quform-field-4_6\" \/><\/div><\/div><\/div><\/div><div class=\"quform-element quform-element-text quform-element-4_5 quform-cf quform-labels-inside quform-element-required\"><div class=\"quform-spacer\"><div class=\"quform-label quform-label-4_5\"><label class=\"quform-label-text\" for=\"quform_4_5_ed43d5\">Nom<span class=\"quform-required\">*<\/span><\/label><\/div><div class=\"quform-inner quform-inner-text quform-inner-4_5\"><div class=\"quform-input quform-input-text quform-input-4_5 quform-cf\"><input type=\"text\" id=\"quform_4_5_ed43d5\" name=\"quform_4_5\" class=\"quform-field quform-field-text quform-field-4_5\" \/><\/div><\/div><\/div><\/div><\/div><\/div><\/div><div class=\"quform-element quform-element-group quform-element-4_14 quform-cf quform-group-style-plain\"><div class=\"quform-spacer\"><div class=\"quform-child-elements\"><div class=\"quform-element quform-element-email quform-element-4_17 quform-cf quform-labels-inside quform-element-required\"><div class=\"quform-spacer\"><div class=\"quform-label quform-label-4_17\"><label class=\"quform-label-text\" for=\"quform_4_17_ed43d5\">e-mail<span class=\"quform-required\">*<\/span><\/label><\/div><div class=\"quform-inner quform-inner-email quform-inner-4_17\"><div class=\"quform-input quform-input-email quform-input-4_17 quform-cf\"><input type=\"email\" id=\"quform_4_17_ed43d5\" name=\"quform_4_17\" class=\"quform-field quform-field-email quform-field-4_17\" \/><\/div><\/div><\/div><\/div><div class=\"quform-element quform-element-text quform-element-4_16 quform-cf quform-labels-inside quform-element-optional\"><div class=\"quform-spacer\"><div class=\"quform-label quform-label-4_16\"><label class=\"quform-label-text\" for=\"quform_4_16_ed43d5\">T\u00e9l<\/label><\/div><div class=\"quform-inner quform-inner-text quform-inner-4_16\"><div class=\"quform-input quform-input-text quform-input-4_16 quform-cf\"><input type=\"text\" id=\"quform_4_16_ed43d5\" name=\"quform_4_16\" class=\"quform-field quform-field-text quform-field-4_16\" \/><\/div><\/div><\/div><\/div><\/div><\/div><\/div><div class=\"quform-element quform-element-textarea quform-element-4_288259 quform-sr-only quform-cf\" style=\"clip: rect(1px, 1px, 1px, 1px); clip-path: inset(50%); position: absolute !important; height: 1px; width: 1px; overflow: hidden;\"><div class=\"quform-spacer\"><div class=\"quform-label quform-label-4_288259\"><label class=\"quform-label-text\" for=\"quform_4_288259_ed43d5\">Business Email<span class=\"quform-required\">*<\/span><\/label><\/div><div class=\"quform-inner quform-inner-4_288259\"><textarea id=\"quform_4_288259_ed43d5\" name=\"quform_4_288259\" class=\"quform-field quform-field-textarea quform-field-4_288259\" tabindex=\"-1\" autocomplete=\"new-password\"><\/textarea><\/div><\/div><\/div><div class=\"quform-element quform-element-textarea quform-element-4_18 quform-cf quform-labels-inside quform-element-required\"><div class=\"quform-spacer\"><div class=\"quform-label quform-label-4_18\"><label class=\"quform-label-text\" for=\"quform_4_18_ed43d5\">Remarques<span class=\"quform-required\">*<\/span><\/label><\/div><div class=\"quform-inner quform-inner-textarea quform-inner-4_18\"><div class=\"quform-input quform-input-textarea quform-input-4_18 quform-cf\"><textarea id=\"quform_4_18_ed43d5\" name=\"quform_4_18\" class=\"quform-field quform-field-textarea quform-field-4_18\"><\/textarea><\/div><\/div><\/div><\/div><div class=\"quform-element quform-element-submit quform-element-4_2 quform-cf quform-button-style-theme\"><div class=\"quform-button-submit quform-button-submit-default quform-button-submit-4_2\"><button name=\"quform_submit\" type=\"submit\" class=\"quform-submit\" value=\"submit\"><span class=\"quform-button-text quform-button-submit-text\">Envoyer<\/span><\/button><\/div><div class=\"quform-loading quform-loading-position-left quform-loading-type-spinner-1\"><div class=\"quform-loading-inner\"><div class=\"quform-loading-spinner\"><div class=\"quform-loading-spinner-inner\"><\/div><\/div><\/div><\/div><\/div><\/div><\/div><\/div><\/div><\/form><\/div>[\/vc_column_text][\/vc_column][\/vc_row][vc_row full_width=\u00a0\u00bbstretch_row_content_no_spaces\u00a0\u00bb][vc_column][vc_column_text] <div class=\"hmapsprem_container\"> <div id=\"hmapsprem_map_d5ab577209444d7dbab1927cd2091456\" class=\"hmapsprem_map_container\"><\/div> <script type=\"text\/javascript\" data-cfasync=\"false\"> var hmapsprem_default_object_d5ab577209444d7dbab1927cd2091456 = {\"map_setup\":{\"api_key\":\"AIzaSyBlc0ic1Dwju4AETIM6BLWOZkfdcIs5hro-aNI\",\"responsive\":\"true\",\"map_width\":100,\"map_height\":400,\"font_family\":\"inherit\"},\"map_settings\":{\"map_type\":\"ROADMAP\",\"map_theme\":\"Default\",\"auto_fit\":true,\"map_center\":\"0,0\",\"rest_zoom\":3,\"mouse_wheel_zoom\":false,\"mobile_pan_lock\":false,\"mobile_pan_lock_width\":600,\"get_directions\":false,\"frontend_search\":false,\"show_category_selector\":false,\"category_selector_tabs\":\"false\",\"show_category_selector_copy\":\"Show All\",\"default_category_component_position\":\"TOP_LEFT\",\"default_display_category\":\"show_all\",\"category_selector_font_size\":14,\"category_selector_font_weight\":\"normal\",\"category_selector_font_colour\":\"#000000\",\"category_selector_fill_colour\":\"#FFFFFF\",\"category_selector_border_colour\":\"#CCCCCC\",\"category_selector_border_weight\":1,\"category_selector_border_radius\":3,\"category_selector_vert_padding\":7,\"category_selector_hor_padding\":14,\"default_category_tab_position\":\"TOP\",\"category_tab_font_size\":12,\"category_tab_bg_colour\":\"#DDDDDD\",\"category_tab_font_weight\":\"normal\",\"category_tab_font_colour\":\"#000000\",\"category_tab_font_active_colour\":\"#FFFFFF\",\"category_tab_fill_colour\":\"#DDDDDD\",\"category_tab_active_fill_colour\":\"#777777\",\"category_tab_border_bottom_only\":false,\"category_tab_border_colour\":\"#000000\",\"category_tab_border_active_colour\":\"#000000\",\"category_tab_border_weight\":1,\"category_tab_border_radius\":3,\"category_tab_vert_padding\":7,\"category_tab_hor_padding\":14,\"category_tab_vert_margin\":10,\"category_tab_hor_margin\":10,\"category_tab_default_categories\":[]},\"map_controls\":{\"street_view\":true,\"street_view_position\":\"DEFAULT\",\"map_type\":false,\"map_type_position\":\"DEFAULT\",\"map_type_style\":\"DEFAULT\",\"rotate\":false,\"rotate_position\":\"DEFAULT\",\"full_screen\":false,\"full_screen_position\":\"DEFAULT\",\"zoom\":true,\"zoom_position\":\"DEFAULT\",\"scale\":false,\"show_location\":false},\"map_advanced\":{\"marker_drop_delay\":0,\"marker_animation\":\"DEFAULT\",\"marker_animation_timer\":0,\"tooltips\":true,\"marker_clustering\":false,\"shape_drop_delay\":0,\"map_load_zoom\":2,\"marker_click_zoom\":17},\"map_developers\":{\"javascript_callback\":false,\"callback_method\":\"\",\"map_initialised_method\":\"\",\"map_css_class\":\"\",\"category_selector_css_class\":\"\"},\"map_drawing\":{\"polylineOptions\":{\"strokeColor\":\"#DC4551\",\"strokeOpacity\":1,\"strokeWeight\":2,\"geodesic\":false},\"circleOptions\":{\"fillColor\":\"#000000\",\"fillOpacity\":0.299999999999999988897769753748434595763683319091796875,\"strokeColor\":\"#DC4551\",\"strokeOpacity\":1,\"strokeWeight\":2},\"polygonOptions\":{\"fillColor\":\"#000000\",\"fillOpacity\":0.299999999999999988897769753748434595763683319091796875,\"strokeColor\":\"#DC4551\",\"strokeOpacity\":1,\"strokeWeight\":2},\"rectangleOptions\":{\"fillColor\":\"#000000\",\"fillOpacity\":0.299999999999999988897769753748434595763683319091796875,\"strokeColor\":\"#DC4551\",\"strokeOpacity\":1,\"strokeWeight\":2}},\"map_poly\":{},\"map_marker_categories\":[\"uncategorised\"],\"map_markers\":{\"hmapsprem_grs34c2d5ab90225f5b60636f89aef8aebd\":{\"marker_id\":237,\"marker_category\":\"uncategorised\",\"latlng\":\"46.93306569254567,7.5105710251312185\",\"title\":\"Association des banques r\\u00e9gionales suisses\",\"info_window_show\":true,\"info_window_content\":\"Mattenstrasse 8\\n3073 G\\u00fcmligen\",\"new\":true,\"link_show\":false,\"link_title\":\"\",\"link\":\"\",\"link_colour\":\"#999999\",\"link_target\":\"_blank\",\"custom_param\":\"\",\"deleted\":false}},\"marker_data\":{\"categories\":{\"2\":{\"category_id\":2,\"category\":\"Custom\",\"imported\":\"0\",\"deleted\":\"0\",\"links\":[{\"primary_colour\":\"#999999\",\"secondary_colour\":\"#333333\",\"link\":0,\"markers\":[{\"marker_id\":237,\"img_binary\":\"iVBORw0KGgoAAAANSUhEUgAAAB0AAAAtCAYAAABS6WCiAAAEvklEQVRYha2YTWgVVxTHf\\\/97x3yImEi0VloEixRFDCk11YULSxEKRSpUEMWCFKnd2LoLlGJLQbpTcVNqELEa2rrIwk3ctEZFBCOkUBWiWKw2WGNNRJKY5M3c08XL07xk5n3ZP5zNnHPP737NuXdGTT+dAMAQkSVEIcYQQcJMhNgRzYubE\\\/lXzdTuLVmLiIAE8BhxIv+HZH3ekn\\\/iXPTERQHJcGYII3YRsTzCAIgorWaJdw197ixsAoFUHCHwBDDDUK\\\/EUeA88CQrqSsB3CDZGReFblAeWFICtMlFoVuyM8CGaqF7gN9Am8uQsjqwOd+ePRVADYzdQa4T1Fgb8Dm4Mch1Yuxmei1ToWbaEeSPvxysWEH+uJl2FEFdCLgQ8CFuldkxU8l1BqZXj\\\/KrDGDCyeyYD3GrDwEfApHMADxYh6QFpRIsmz+f919bznvLXqfBR0wkMb8++Jtzg\\\/d4MD6e3UmxQNg+4FPA1HKqE6Adx9Wsvkti1xtvcuCtdhbV1c\\\/xj0xN8m1\\\/H6f\\\/vIWZpWQAMAi8A\\\/Q5hENsyQRiHGhr5\\\/D6jalAgEV19Rxev5EDbe3PC0BaJsQWhHM4tSBty4hk6\\\/IV7Fu9NstdpH2r17J1+YrsAGkbTi2OYPVgq9JiGqOIjtZ1FQEL6mhdR2OUVehsFcHqHcaaubUtr7bmxaxc2FQVdOXCJtqaF2d4JYw1DlialeDtJUuqAlbYbqkD4ixvU11dTdAy7WIHmsry\\\/v7435qgpdtpyiWxv5Xlvj4yTC6EqoC5ELg+MpzpT2J\\\/y8nbCMbTtIDB8TFO3h6oCnry9gCD42PpTuOpvI04+TBk4nxaTGyBQzf6uT82WhHw\\\/tgoh270E1v67Jg4Lx+GHMYkxqmsQjI08YztvT1cefSwJPDKo4ds7+1haOJZeoDBNGfSz\\\/9oCxIPEB+CUvf648lJzg3+xdPcFIsbGljS8OKovflkmB8GbvBN\\\/1UGx7KLPrKbEl9JTKilq7PweDvwc7kD65WGxjxU+d4\\\/mniWPboCT0YSu08s0QkEES+m\\\/xfEB4iPSyUYqgAyR8YpC5w0yw9o1s2B\\\/QY91WUsx6PHjP2CUJjEIqhgGGMX0P8\\\/Mfun8xW9uE4yZhpiWGKvxL2XoUnck9ibzzfrYpYknpkWYkcSu74kdjsNy3jLy8meJbHbmcSuL5\\\/PU1jPVKglIolFEuuyjC8zLwKZPEjkvkhiXU5i5fMlHpvxVqRNLyoYHDX4sSqo+N5wnYUc+Xwl7r0Z+trgTiW86bjvyl1NS0JzuYhkyt8NOdchKHncCELIuY540t+3yZeAmqmwAboNukrG5v3d+TZloLPXdKY5F3A+IGdmZgfBMo4bGzWzg3Jmzgecy84pGVEUZd5WikaMMWCm03J8NscfdFrYgBRQVH67u8IUlrIZ6Y9gDBUTGQI7MrOD5ayS3ftcggGwC7PGeSH\\\/vHI5w1GVmesCCpVqzMx1VZsjSuKqBgtw1s8Ld52zNSHobhK7s9UmcEUfm5WZmdlFy+simq5wVVjkfVJtRwEugXYILtXSPsr+tCupa6BRYddqaRxlfDuV0x3gIlJFNTkFWtNII6B3+s9Z5mdJlqreujNU0xQBRInztbSLyf+cKl9DU\\\/QfhG9V0NOq2scAAAAASUVORK5CYII=\",\"width\":29,\"height\":45,\"left_offset\":15,\"top_offset\":45,\"deleted\":0}]}]}}}}; <\/script> <\/div> [\/vc_column_text][\/vc_column][\/vc_row]<\/p>\n<\/div>","protected":false},"excerpt":{"rendered":"<p>[vc_row][vc_column][vc_column_text] Veuillez nous contacter [\/vc_column_text][\/vc_column][\/vc_row][vc_row el_class=\u00a0\u00bbnomargin\u00a0\u00bb][vc_column width=\u00a0\u00bb1\/2&Prime;][vc_column_text]Verband Schweizer Regionalbanken Association des banques r\u00e9gionales suisses Mattenstrasse 8 3073 G\u00fcmligen +41 31 660 45 00 &#x69;&#x6e;&#x66;&#111;&#64;vs&#x72;&#x62;&#x2e;&#99;&#104;[\/vc_column_text][\/vc_column][vc_column width=\u00a0\u00bb1\/2&Prime;][vc_column_text]Contact avec les m\u00e9dias J\u00fcrg de Spindler +41 31 660 44 20 &#x6a;&#x75;&#101;rg&#x2e;&#x64;&#101;&#115;p&#x69;&#x6e;&#100;&#108;e&#x72;&#x40;&#x76;&#115;rb&#x2e;&#x63;&#104;[\/vc_column_text][\/vc_column][\/vc_row][vc_row el_class=\u00a0\u00bbsmallmargin\u00a0\u00bb][vc_column][vc_column_text][\/vc_column_text][\/vc_column][\/vc_row][vc_row full_width=\u00a0\u00bbstretch_row_content_no_spaces\u00a0\u00bb][vc_column][vc_column_text][\/vc_column_text][\/vc_column][\/vc_row]<\/p>\n","protected":false},"author":3,"featured_media":0,"parent":0,"menu_order":16,"comment_status":"closed","ping_status":"closed","template":"page-headerbild.php","meta":{"_acf_changed":false,"footnotes":""},"class_list":["post-1691","page","type-page","status-publish","hentry"],"acf":[],"yoast_head":"<!-- This site is optimized with the Yoast SEO plugin v27.0 - https:\/\/yoast.com\/product\/yoast-seo-wordpress\/ -->\n<title>Association des banques r\u00e9gionales suisses pour caisses d\u2019\u00e9pargne et PME bancaires<\/title>\n<meta name=\"description\" content=\"Contactez-nous: Verband Schweizer Regionalbanken \/ Association des banques r\u00e9gionales suisses, Mattenstrasse 8, 3073 G\u00fcmligen, t\u00e9l. +41 31 660 45 00. J\u00fcrg de Spindler est \u00e0 votre \u00e9coute.\" \/>\n<meta name=\"robots\" content=\"index, follow, max-snippet:-1, max-image-preview:large, max-video-preview:-1\" \/>\n<link rel=\"canonical\" href=\"https:\/\/www.regionalbanken.ch\/fr\/contact\/\" \/>\n<meta property=\"og:locale\" content=\"fr_FR\" \/>\n<meta property=\"og:type\" content=\"article\" \/>\n<meta property=\"og:title\" content=\"Association des banques r\u00e9gionales suisses pour caisses d\u2019\u00e9pargne et PME bancaires\" \/>\n<meta property=\"og:description\" content=\"Contactez-nous: Verband Schweizer Regionalbanken \/ Association des banques r\u00e9gionales suisses, Mattenstrasse 8, 3073 G\u00fcmligen, t\u00e9l. +41 31 660 45 00. J\u00fcrg de Spindler est \u00e0 votre \u00e9coute.\" \/>\n<meta property=\"og:url\" content=\"https:\/\/www.regionalbanken.ch\/fr\/contact\/\" \/>\n<meta property=\"og:site_name\" content=\"VSRB\" \/>\n<meta property=\"article:modified_time\" content=\"2022-10-18T05:55:01+00:00\" \/>\n<meta name=\"twitter:card\" content=\"summary_large_image\" \/>\n<meta name=\"twitter:label1\" content=\"Dur\u00e9e de lecture estim\u00e9e\" \/>\n\t<meta name=\"twitter:data1\" content=\"1 minute\" \/>\n<script type=\"application\/ld+json\" class=\"yoast-schema-graph\">{\"@context\":\"https:\/\/schema.org\",\"@graph\":[{\"@type\":\"WebPage\",\"@id\":\"https:\/\/www.regionalbanken.ch\/fr\/contact\/\",\"url\":\"https:\/\/www.regionalbanken.ch\/fr\/contact\/\",\"name\":\"Association des banques r\u00e9gionales suisses pour caisses d\u2019\u00e9pargne et PME bancaires\",\"isPartOf\":{\"@id\":\"https:\/\/www.regionalbanken.ch\/fr\/#website\"},\"datePublished\":\"2018-02-12T06:54:18+00:00\",\"dateModified\":\"2022-10-18T05:55:01+00:00\",\"description\":\"Contactez-nous: Verband Schweizer Regionalbanken \/ Association des banques r\u00e9gionales suisses, Mattenstrasse 8, 3073 G\u00fcmligen, t\u00e9l. +41 31 660 45 00. J\u00fcrg de Spindler est \u00e0 votre \u00e9coute.\",\"breadcrumb\":{\"@id\":\"https:\/\/www.regionalbanken.ch\/fr\/contact\/#breadcrumb\"},\"inLanguage\":\"fr-FR\",\"potentialAction\":[{\"@type\":\"ReadAction\",\"target\":[\"https:\/\/www.regionalbanken.ch\/fr\/contact\/\"]}]},{\"@type\":\"BreadcrumbList\",\"@id\":\"https:\/\/www.regionalbanken.ch\/fr\/contact\/#breadcrumb\",\"itemListElement\":[{\"@type\":\"ListItem\",\"position\":1,\"name\":\"Home\",\"item\":\"https:\/\/www.regionalbanken.ch\/fr\/\"},{\"@type\":\"ListItem\",\"position\":2,\"name\":\"Contact\"}]},{\"@type\":\"WebSite\",\"@id\":\"https:\/\/www.regionalbanken.ch\/fr\/#website\",\"url\":\"https:\/\/www.regionalbanken.ch\/fr\/\",\"name\":\"VSRB\",\"description\":\"\",\"publisher\":{\"@id\":\"https:\/\/www.regionalbanken.ch\/fr\/#organization\"},\"potentialAction\":[{\"@type\":\"SearchAction\",\"target\":{\"@type\":\"EntryPoint\",\"urlTemplate\":\"https:\/\/www.regionalbanken.ch\/fr\/?s={search_term_string}\"},\"query-input\":{\"@type\":\"PropertyValueSpecification\",\"valueRequired\":true,\"valueName\":\"search_term_string\"}}],\"inLanguage\":\"fr-FR\"},{\"@type\":\"Organization\",\"@id\":\"https:\/\/www.regionalbanken.ch\/fr\/#organization\",\"name\":\"Verband Schweizer Regionalbanken\",\"url\":\"https:\/\/www.regionalbanken.ch\/fr\/\",\"logo\":{\"@type\":\"ImageObject\",\"inLanguage\":\"fr-FR\",\"@id\":\"https:\/\/www.regionalbanken.ch\/fr\/#\/schema\/logo\/image\/\",\"url\":\"https:\/\/www.regionalbanken.ch\/wp-content\/uploads\/vsrb_logo.png\",\"contentUrl\":\"https:\/\/www.regionalbanken.ch\/wp-content\/uploads\/vsrb_logo.png\",\"width\":1048,\"height\":216,\"caption\":\"Verband Schweizer Regionalbanken\"},\"image\":{\"@id\":\"https:\/\/www.regionalbanken.ch\/fr\/#\/schema\/logo\/image\/\"}}]}<\/script>\n<!-- \/ Yoast SEO plugin. -->","yoast_head_json":{"title":"Association des banques r\u00e9gionales suisses pour caisses d\u2019\u00e9pargne et PME bancaires","description":"Contactez-nous: Verband Schweizer Regionalbanken \/ Association des banques r\u00e9gionales suisses, Mattenstrasse 8, 3073 G\u00fcmligen, t\u00e9l. +41 31 660 45 00. J\u00fcrg de Spindler est \u00e0 votre \u00e9coute.","robots":{"index":"index","follow":"follow","max-snippet":"max-snippet:-1","max-image-preview":"max-image-preview:large","max-video-preview":"max-video-preview:-1"},"canonical":"https:\/\/www.regionalbanken.ch\/fr\/contact\/","og_locale":"fr_FR","og_type":"article","og_title":"Association des banques r\u00e9gionales suisses pour caisses d\u2019\u00e9pargne et PME bancaires","og_description":"Contactez-nous: Verband Schweizer Regionalbanken \/ Association des banques r\u00e9gionales suisses, Mattenstrasse 8, 3073 G\u00fcmligen, t\u00e9l. +41 31 660 45 00. J\u00fcrg de Spindler est \u00e0 votre \u00e9coute.","og_url":"https:\/\/www.regionalbanken.ch\/fr\/contact\/","og_site_name":"VSRB","article_modified_time":"2022-10-18T05:55:01+00:00","twitter_card":"summary_large_image","twitter_misc":{"Dur\u00e9e de lecture estim\u00e9e":"1 minute"},"schema":{"@context":"https:\/\/schema.org","@graph":[{"@type":"WebPage","@id":"https:\/\/www.regionalbanken.ch\/fr\/contact\/","url":"https:\/\/www.regionalbanken.ch\/fr\/contact\/","name":"Association des banques r\u00e9gionales suisses pour caisses d\u2019\u00e9pargne et PME bancaires","isPartOf":{"@id":"https:\/\/www.regionalbanken.ch\/fr\/#website"},"datePublished":"2018-02-12T06:54:18+00:00","dateModified":"2022-10-18T05:55:01+00:00","description":"Contactez-nous: Verband Schweizer Regionalbanken \/ Association des banques r\u00e9gionales suisses, Mattenstrasse 8, 3073 G\u00fcmligen, t\u00e9l. +41 31 660 45 00. J\u00fcrg de Spindler est \u00e0 votre \u00e9coute.","breadcrumb":{"@id":"https:\/\/www.regionalbanken.ch\/fr\/contact\/#breadcrumb"},"inLanguage":"fr-FR","potentialAction":[{"@type":"ReadAction","target":["https:\/\/www.regionalbanken.ch\/fr\/contact\/"]}]},{"@type":"BreadcrumbList","@id":"https:\/\/www.regionalbanken.ch\/fr\/contact\/#breadcrumb","itemListElement":[{"@type":"ListItem","position":1,"name":"Home","item":"https:\/\/www.regionalbanken.ch\/fr\/"},{"@type":"ListItem","position":2,"name":"Contact"}]},{"@type":"WebSite","@id":"https:\/\/www.regionalbanken.ch\/fr\/#website","url":"https:\/\/www.regionalbanken.ch\/fr\/","name":"VSRB","description":"","publisher":{"@id":"https:\/\/www.regionalbanken.ch\/fr\/#organization"},"potentialAction":[{"@type":"SearchAction","target":{"@type":"EntryPoint","urlTemplate":"https:\/\/www.regionalbanken.ch\/fr\/?s={search_term_string}"},"query-input":{"@type":"PropertyValueSpecification","valueRequired":true,"valueName":"search_term_string"}}],"inLanguage":"fr-FR"},{"@type":"Organization","@id":"https:\/\/www.regionalbanken.ch\/fr\/#organization","name":"Verband Schweizer Regionalbanken","url":"https:\/\/www.regionalbanken.ch\/fr\/","logo":{"@type":"ImageObject","inLanguage":"fr-FR","@id":"https:\/\/www.regionalbanken.ch\/fr\/#\/schema\/logo\/image\/","url":"https:\/\/www.regionalbanken.ch\/wp-content\/uploads\/vsrb_logo.png","contentUrl":"https:\/\/www.regionalbanken.ch\/wp-content\/uploads\/vsrb_logo.png","width":1048,"height":216,"caption":"Verband Schweizer Regionalbanken"},"image":{"@id":"https:\/\/www.regionalbanken.ch\/fr\/#\/schema\/logo\/image\/"}}]}},"_links":{"self":[{"href":"https:\/\/www.regionalbanken.ch\/fr\/wp-json\/wp\/v2\/pages\/1691","targetHints":{"allow":["GET"]}}],"collection":[{"href":"https:\/\/www.regionalbanken.ch\/fr\/wp-json\/wp\/v2\/pages"}],"about":[{"href":"https:\/\/www.regionalbanken.ch\/fr\/wp-json\/wp\/v2\/types\/page"}],"author":[{"embeddable":true,"href":"https:\/\/www.regionalbanken.ch\/fr\/wp-json\/wp\/v2\/users\/3"}],"replies":[{"embeddable":true,"href":"https:\/\/www.regionalbanken.ch\/fr\/wp-json\/wp\/v2\/comments?post=1691"}],"version-history":[{"count":5,"href":"https:\/\/www.regionalbanken.ch\/fr\/wp-json\/wp\/v2\/pages\/1691\/revisions"}],"predecessor-version":[{"id":3218,"href":"https:\/\/www.regionalbanken.ch\/fr\/wp-json\/wp\/v2\/pages\/1691\/revisions\/3218"}],"wp:attachment":[{"href":"https:\/\/www.regionalbanken.ch\/fr\/wp-json\/wp\/v2\/media?parent=1691"}],"curies":[{"name":"wp","href":"https:\/\/api.w.org\/{rel}","templated":true}]}}