{"id":1692,"date":"2018-03-21T08:28:38","date_gmt":"2018-03-21T07:28:38","guid":{"rendered":"https:\/\/www.regionalbanken.ch\/impressum\/"},"modified":"2021-10-07T14:57:13","modified_gmt":"2021-10-07T12:57:13","slug":"impressum","status":"publish","type":"page","link":"https:\/\/www.regionalbanken.ch\/fr\/impressum\/","title":{"rendered":"Impressum"},"content":{"rendered":"<div class=\"wpb-content-wrapper\"><p>[vc_row][vc_column][vc_column_text]<\/p>\n<h1>Impressum<\/h1>\n<h3>\u00c9diteur<\/h3>\n<p>Verband Schweizer Regionalbanken<br \/>\nAssociation des banques r\u00e9gionales suisses<br \/>\nMattenstrasse 8<br \/>\n3073 G\u00fcmligen<\/p>\n<p><a href=\"tel:+41 31 660 45 00\">+41 31 660 45 00<\/a><br \/>\n<a href=\"m&#97;&#x69;&#x6c;t&#111;&#x3a;&#x69;n&#102;&#111;&#x40;&#x76;s&#114;&#x62;&#x2e;c&#104;\">&#x69;&#110;&#102;&#x6f;&#x40;&#118;&#115;&#x72;&#x62;&#46;&#99;&#x68;<\/a><\/p>\n<h3>Concept, design, r\u00e9alisation<\/h3>\n<p><a href=\"https:\/\/www.agenturschmucki.ch\" target=\"_blank\" rel=\"noopener\">Schmucki Agentur f\u00fcr Kommunikation AG<\/a><br \/>\nBahnhofstrasse 198<br \/>\n8620 Wetzikon ZH[\/vc_column_text][\/vc_column][\/vc_row]<\/p>\n<\/div>","protected":false},"excerpt":{"rendered":"<p>[vc_row][vc_column][vc_column_text] Impressum \u00c9diteur Verband Schweizer Regionalbanken Association des banques r\u00e9gionales suisses Mattenstrasse 8 3073 G\u00fcmligen +41 31 660 45 00 &#105;n&#x66;o&#x40;v&#x73;r&#x62;&#46;&#x63;h Concept, design, r\u00e9alisation Schmucki Agentur f\u00fcr Kommunikation AG Bahnhofstrasse 198 8620 Wetzikon ZH[\/vc_column_text][\/vc_column][\/vc_row]<\/p>\n","protected":false},"author":3,"featured_media":0,"parent":0,"menu_order":18,"comment_status":"closed","ping_status":"closed","template":"","meta":{"_acf_changed":false,"footnotes":""},"class_list":["post-1692","page","type-page","status-publish","hentry"],"acf":[],"yoast_head":"<!-- This site is optimized with the Yoast SEO plugin v27.0 - https:\/\/yoast.com\/product\/yoast-seo-wordpress\/ -->\n<title>Verband Schweizer Regionalbanken \u2013 Impressum<\/title>\n<meta name=\"robots\" content=\"index, follow, max-snippet:-1, max-image-preview:large, max-video-preview:-1\" \/>\n<link rel=\"canonical\" href=\"https:\/\/www.regionalbanken.ch\/fr\/impressum\/\" \/>\n<meta property=\"og:locale\" content=\"fr_FR\" \/>\n<meta property=\"og:type\" content=\"article\" \/>\n<meta property=\"og:title\" content=\"Verband Schweizer Regionalbanken \u2013 Impressum\" \/>\n<meta property=\"og:description\" content=\"[vc_row][vc_column][vc_column_text] Impressum \u00c9diteur Verband Schweizer Regionalbanken Association des banques r\u00e9gionales suisses Mattenstrasse 8 3073 G\u00fcmligen +41 31 660 45 00 &#x69;&#x6e;&#102;o&#x40;&#x76;&#115;&#114;b&#x2e;&#x63;&#104; Concept, design, r\u00e9alisation Schmucki Agentur f\u00fcr Kommunikation AG Bahnhofstrasse 198 8620 Wetzikon ZH[\/vc_column_text][\/vc_column][\/vc_row]\" \/>\n<meta property=\"og:url\" content=\"https:\/\/www.regionalbanken.ch\/fr\/impressum\/\" \/>\n<meta property=\"og:site_name\" content=\"VSRB\" \/>\n<meta property=\"article:modified_time\" content=\"2021-10-07T12:57:13+00:00\" \/>\n<meta name=\"twitter:card\" content=\"summary_large_image\" \/>\n<meta name=\"twitter:label1\" content=\"Dur\u00e9e de lecture estim\u00e9e\" \/>\n\t<meta name=\"twitter:data1\" content=\"1 minute\" \/>\n<script type=\"application\/ld+json\" class=\"yoast-schema-graph\">{\"@context\":\"https:\/\/schema.org\",\"@graph\":[{\"@type\":\"WebPage\",\"@id\":\"https:\/\/www.regionalbanken.ch\/fr\/impressum\/\",\"url\":\"https:\/\/www.regionalbanken.ch\/fr\/impressum\/\",\"name\":\"Verband Schweizer Regionalbanken \u2013 Impressum\",\"isPartOf\":{\"@id\":\"https:\/\/www.regionalbanken.ch\/fr\/#website\"},\"datePublished\":\"2018-03-21T07:28:38+00:00\",\"dateModified\":\"2021-10-07T12:57:13+00:00\",\"breadcrumb\":{\"@id\":\"https:\/\/www.regionalbanken.ch\/fr\/impressum\/#breadcrumb\"},\"inLanguage\":\"fr-FR\",\"potentialAction\":[{\"@type\":\"ReadAction\",\"target\":[\"https:\/\/www.regionalbanken.ch\/fr\/impressum\/\"]}]},{\"@type\":\"BreadcrumbList\",\"@id\":\"https:\/\/www.regionalbanken.ch\/fr\/impressum\/#breadcrumb\",\"itemListElement\":[{\"@type\":\"ListItem\",\"position\":1,\"name\":\"Home\",\"item\":\"https:\/\/www.regionalbanken.ch\/fr\/\"},{\"@type\":\"ListItem\",\"position\":2,\"name\":\"Impressum\"}]},{\"@type\":\"WebSite\",\"@id\":\"https:\/\/www.regionalbanken.ch\/fr\/#website\",\"url\":\"https:\/\/www.regionalbanken.ch\/fr\/\",\"name\":\"VSRB\",\"description\":\"\",\"publisher\":{\"@id\":\"https:\/\/www.regionalbanken.ch\/fr\/#organization\"},\"potentialAction\":[{\"@type\":\"SearchAction\",\"target\":{\"@type\":\"EntryPoint\",\"urlTemplate\":\"https:\/\/www.regionalbanken.ch\/fr\/?s={search_term_string}\"},\"query-input\":{\"@type\":\"PropertyValueSpecification\",\"valueRequired\":true,\"valueName\":\"search_term_string\"}}],\"inLanguage\":\"fr-FR\"},{\"@type\":\"Organization\",\"@id\":\"https:\/\/www.regionalbanken.ch\/fr\/#organization\",\"name\":\"Verband Schweizer Regionalbanken\",\"url\":\"https:\/\/www.regionalbanken.ch\/fr\/\",\"logo\":{\"@type\":\"ImageObject\",\"inLanguage\":\"fr-FR\",\"@id\":\"https:\/\/www.regionalbanken.ch\/fr\/#\/schema\/logo\/image\/\",\"url\":\"https:\/\/www.regionalbanken.ch\/wp-content\/uploads\/vsrb_logo.png\",\"contentUrl\":\"https:\/\/www.regionalbanken.ch\/wp-content\/uploads\/vsrb_logo.png\",\"width\":1048,\"height\":216,\"caption\":\"Verband Schweizer Regionalbanken\"},\"image\":{\"@id\":\"https:\/\/www.regionalbanken.ch\/fr\/#\/schema\/logo\/image\/\"}}]}<\/script>\n<!-- \/ Yoast SEO plugin. -->","yoast_head_json":{"title":"Verband Schweizer Regionalbanken \u2013 Impressum","robots":{"index":"index","follow":"follow","max-snippet":"max-snippet:-1","max-image-preview":"max-image-preview:large","max-video-preview":"max-video-preview:-1"},"canonical":"https:\/\/www.regionalbanken.ch\/fr\/impressum\/","og_locale":"fr_FR","og_type":"article","og_title":"Verband Schweizer Regionalbanken \u2013 Impressum","og_description":"[vc_row][vc_column][vc_column_text] Impressum \u00c9diteur Verband Schweizer Regionalbanken Association des banques r\u00e9gionales suisses Mattenstrasse 8 3073 G\u00fcmligen +41 31 660 45 00 &#x69;&#x6e;&#102;o&#x40;&#x76;&#115;&#114;b&#x2e;&#x63;&#104; Concept, design, r\u00e9alisation Schmucki Agentur f\u00fcr Kommunikation AG Bahnhofstrasse 198 8620 Wetzikon ZH[\/vc_column_text][\/vc_column][\/vc_row]","og_url":"https:\/\/www.regionalbanken.ch\/fr\/impressum\/","og_site_name":"VSRB","article_modified_time":"2021-10-07T12:57:13+00:00","twitter_card":"summary_large_image","twitter_misc":{"Dur\u00e9e de lecture estim\u00e9e":"1 minute"},"schema":{"@context":"https:\/\/schema.org","@graph":[{"@type":"WebPage","@id":"https:\/\/www.regionalbanken.ch\/fr\/impressum\/","url":"https:\/\/www.regionalbanken.ch\/fr\/impressum\/","name":"Verband Schweizer Regionalbanken \u2013 Impressum","isPartOf":{"@id":"https:\/\/www.regionalbanken.ch\/fr\/#website"},"datePublished":"2018-03-21T07:28:38+00:00","dateModified":"2021-10-07T12:57:13+00:00","breadcrumb":{"@id":"https:\/\/www.regionalbanken.ch\/fr\/impressum\/#breadcrumb"},"inLanguage":"fr-FR","potentialAction":[{"@type":"ReadAction","target":["https:\/\/www.regionalbanken.ch\/fr\/impressum\/"]}]},{"@type":"BreadcrumbList","@id":"https:\/\/www.regionalbanken.ch\/fr\/impressum\/#breadcrumb","itemListElement":[{"@type":"ListItem","position":1,"name":"Home","item":"https:\/\/www.regionalbanken.ch\/fr\/"},{"@type":"ListItem","position":2,"name":"Impressum"}]},{"@type":"WebSite","@id":"https:\/\/www.regionalbanken.ch\/fr\/#website","url":"https:\/\/www.regionalbanken.ch\/fr\/","name":"VSRB","description":"","publisher":{"@id":"https:\/\/www.regionalbanken.ch\/fr\/#organization"},"potentialAction":[{"@type":"SearchAction","target":{"@type":"EntryPoint","urlTemplate":"https:\/\/www.regionalbanken.ch\/fr\/?s={search_term_string}"},"query-input":{"@type":"PropertyValueSpecification","valueRequired":true,"valueName":"search_term_string"}}],"inLanguage":"fr-FR"},{"@type":"Organization","@id":"https:\/\/www.regionalbanken.ch\/fr\/#organization","name":"Verband Schweizer Regionalbanken","url":"https:\/\/www.regionalbanken.ch\/fr\/","logo":{"@type":"ImageObject","inLanguage":"fr-FR","@id":"https:\/\/www.regionalbanken.ch\/fr\/#\/schema\/logo\/image\/","url":"https:\/\/www.regionalbanken.ch\/wp-content\/uploads\/vsrb_logo.png","contentUrl":"https:\/\/www.regionalbanken.ch\/wp-content\/uploads\/vsrb_logo.png","width":1048,"height":216,"caption":"Verband Schweizer Regionalbanken"},"image":{"@id":"https:\/\/www.regionalbanken.ch\/fr\/#\/schema\/logo\/image\/"}}]}},"_links":{"self":[{"href":"https:\/\/www.regionalbanken.ch\/fr\/wp-json\/wp\/v2\/pages\/1692","targetHints":{"allow":["GET"]}}],"collection":[{"href":"https:\/\/www.regionalbanken.ch\/fr\/wp-json\/wp\/v2\/pages"}],"about":[{"href":"https:\/\/www.regionalbanken.ch\/fr\/wp-json\/wp\/v2\/types\/page"}],"author":[{"embeddable":true,"href":"https:\/\/www.regionalbanken.ch\/fr\/wp-json\/wp\/v2\/users\/3"}],"replies":[{"embeddable":true,"href":"https:\/\/www.regionalbanken.ch\/fr\/wp-json\/wp\/v2\/comments?post=1692"}],"version-history":[{"count":3,"href":"https:\/\/www.regionalbanken.ch\/fr\/wp-json\/wp\/v2\/pages\/1692\/revisions"}],"predecessor-version":[{"id":2909,"href":"https:\/\/www.regionalbanken.ch\/fr\/wp-json\/wp\/v2\/pages\/1692\/revisions\/2909"}],"wp:attachment":[{"href":"https:\/\/www.regionalbanken.ch\/fr\/wp-json\/wp\/v2\/media?parent=1692"}],"curies":[{"name":"wp","href":"https:\/\/api.w.org\/{rel}","templated":true}]}}